{"id":10949,"date":"2021-12-17T12:40:56","date_gmt":"2021-12-17T12:40:56","guid":{"rendered":"https:\/\/defensorasdelterritorio.com\/juan-manuel-florez-arias\/"},"modified":"2022-04-04T16:40:47","modified_gmt":"2022-04-04T16:40:47","slug":"juan-manuel-florez-arias","status":"publish","type":"page","link":"https:\/\/defensorasdelterritorio.com\/en\/juan-manuel-florez-arias\/","title":{"rendered":"JUAN MANUEL FL\u00d3REZ ARIAS"},"content":{"rendered":"\n<div data-elementor-type=\"wp-page\" data-elementor-id=\"10949\" class=\"elementor elementor-10949\">\n<section class=\"elementor-section elementor-top-section elementor-element elementor-element-6108649 elementor-section-boxed elementor-section-height-default elementor-section-height-default qodef-elementor-content-no\" data-id=\"6108649\" data-element_type=\"section\" data-e-type=\"section\">\n<div class=\"elementor-container elementor-column-gap-default\">\n<div class=\"elementor-column elementor-col-100 elementor-top-column elementor-element elementor-element-288f327\" data-id=\"288f327\" data-element_type=\"column\" data-e-type=\"column\">\n<div class=\"elementor-widget-wrap elementor-element-populated\">\n<section class=\"elementor-section elementor-inner-section elementor-element elementor-element-2d28a4c elementor-section-boxed elementor-section-height-default elementor-section-height-default qodef-elementor-content-no\" data-id=\"2d28a4c\" data-element_type=\"section\" data-e-type=\"section\">\n<div class=\"elementor-container elementor-column-gap-default\">\n<div class=\"elementor-column elementor-col-33 elementor-inner-column elementor-element elementor-element-41c6f68\" data-id=\"41c6f68\" data-element_type=\"column\" data-e-type=\"column\">\n<div class=\"elementor-widget-wrap elementor-element-populated\">\n<div class=\"elementor-element elementor-element-cca2474 animated-fast elementor-invisible elementor-widget elementor-widget-image\" data-id=\"cca2474\" data-element_type=\"widget\" data-e-type=\"widget\" data-settings=\"{&quot;_animation&quot;:&quot;fadeInUp&quot;}\" data-widget_type=\"image.default\">\n<div class=\"elementor-widget-container\">\n\t\t\t\t\t\t\t\t\t\t\t\t\t\t\t<img fetchpriority=\"high\" decoding=\"async\" width=\"550\" height=\"550\" src=\"https:\/\/defensorasdelterritorio.com\/wp-content\/uploads\/2022\/01\/Juan-Colombia.png\" class=\"attachment-large size-large wp-image-9351\" alt=\"\" srcset=\"https:\/\/defensorasdelterritorio.com\/wp-content\/uploads\/2022\/01\/Juan-Colombia.png 550w, https:\/\/defensorasdelterritorio.com\/wp-content\/uploads\/2022\/01\/Juan-Colombia-300x300.png 300w, https:\/\/defensorasdelterritorio.com\/wp-content\/uploads\/2022\/01\/Juan-Colombia-150x150.png 150w\" sizes=\"(max-width: 550px) 100vw, 550px\" \/>\t\t\t\t\t\t\t\t\t\t\t\t\t\t\t<\/div>\n<\/p><\/div>\n<div class=\"elementor-element elementor-element-bee0ec6 animated-fast elementor-invisible elementor-widget elementor-widget-text-editor\" data-id=\"bee0ec6\" data-element_type=\"widget\" data-e-type=\"widget\" data-settings=\"{&quot;_animation&quot;:&quot;fadeInUp&quot;}\" data-widget_type=\"text-editor.default\">\n<div class=\"elementor-widget-container\">\n<p style=\"text-align: left;\"><b>Author of<\/b><br \/><a href=\"https:\/\/defensorasdelterritorio.com\/en\/the-women-who-name-the-silence-of-cauca\/\"><span style=\"color: #006d55; font-family: 'Baloo 2'; font-weight: bold; font-size: 23px; letter-spacing: 0.04em; text-transform: uppercase;\">The Women who Name the Silence of Cauca<\/span><\/a><\/p>\n<\/p><\/div>\n<\/p><\/div>\n<div class=\"elementor-element elementor-element-a88afdb animated-fast elementor-invisible elementor-widget elementor-widget-text-editor\" data-id=\"a88afdb\" data-element_type=\"widget\" data-e-type=\"widget\" data-settings=\"{&quot;_animation&quot;:&quot;fadeInUp&quot;}\" data-widget_type=\"text-editor.default\">\n<div class=\"elementor-widget-container\">\n<div class=\"elementor-widget-container\">\n<p style=\"text-align: left;\"><b>Social media<br \/><\/b><span style=\"color: #006d55; font-family: 'Baloo 2'; font-weight: bold; font-size: 23px; letter-spacing: 0.04em; text-transform: uppercase;\">@<span style=\"font-family: 'Baloo 2'; font-weight: bold; font-size: 23px;\">juanduermevela<br \/><\/span><\/span><\/p>\n<\/div><\/div>\n<\/p><\/div>\n<\/p><\/div>\n<\/p><\/div>\n<div class=\"elementor-column elementor-col-66 elementor-inner-column elementor-element elementor-element-447682a\" data-id=\"447682a\" data-element_type=\"column\" data-e-type=\"column\">\n<div class=\"elementor-widget-wrap elementor-element-populated\">\n<div class=\"elementor-element elementor-element-5546317 animated-fast elementor-invisible elementor-widget elementor-widget-heading\" data-id=\"5546317\" data-element_type=\"widget\" data-e-type=\"widget\" data-settings=\"{&quot;_animation&quot;:&quot;fadeInUp&quot;}\" data-widget_type=\"heading.default\">\n<div class=\"elementor-widget-container\">\n<h2 class=\"elementor-heading-title elementor-size-xxl\">\n<div style=\"text-align: left;line-height:50px\"><font color=\"#006d55\"><span style=\"font-size: 65px\">juan manuel<\/span><\/font><br \/><font color=\"#006d55\"><span style=\"font-size: 65px\">fl\u00f3rez arias<br \/><span style=\"font-size: 30px;letter-spacing: 1.8px\">(colombia)<\/span><\/span><\/font><\/div>\n<\/h2><\/div>\n<\/p><\/div>\n<div class=\"elementor-element elementor-element-d12e0b8 elementor-widget elementor-widget-text-editor\" data-id=\"d12e0b8\" data-element_type=\"widget\" data-e-type=\"widget\" data-widget_type=\"text-editor.default\">\n<div class=\"elementor-widget-container\">\n<p>I am a Colombian journalist and I live in Medell\u00edn. I currently work at La Silla Vac\u00eda, the media specialized in power in my country. Before, I was deputy editor of the newspaper El Tiempo. I was also a reporter for the international area of the newspaper El Colombiano. I have written on various topics. About a hurricane that devastates an island in the Caribbean, about political ambition and the weight of bearing a name, about a Christmas carol sung by the river in my city. I believe that no story, as humans, is indifferent to us.<\/p>\n<\/p><\/div>\n<\/p><\/div>\n<\/p><\/div>\n<\/p><\/div>\n<\/p><\/div>\n<\/section><\/div>\n<\/p><\/div>\n<\/p><\/div>\n<\/section>\n<section class=\"elementor-section elementor-top-section elementor-element elementor-element-3dc2af4 elementor-section-boxed elementor-section-height-default elementor-section-height-default qodef-elementor-content-no\" data-id=\"3dc2af4\" data-element_type=\"section\" data-e-type=\"section\">\n<div class=\"elementor-container elementor-column-gap-default\">\n<div class=\"elementor-column elementor-col-100 elementor-top-column elementor-element elementor-element-7b876c1\" data-id=\"7b876c1\" data-element_type=\"column\" data-e-type=\"column\">\n<div class=\"elementor-widget-wrap elementor-element-populated\">\n<div class=\"elementor-element elementor-element-6177464 animated-slow elementor-widget-divider--view-line elementor-invisible elementor-widget elementor-widget-divider\" data-id=\"6177464\" data-element_type=\"widget\" data-e-type=\"widget\" data-settings=\"{&quot;_animation&quot;:&quot;bounceIn&quot;}\" data-widget_type=\"divider.default\">\n<div class=\"elementor-widget-container\">\n<div class=\"elementor-divider\">\n\t\t\t<span class=\"elementor-divider-separator\"><br \/>\n\t\t\t\t\t\t<\/span>\n\t\t<\/div>\n<\/p><\/div>\n<\/p><\/div>\n<div class=\"elementor-element elementor-element-240cd75 elementor-widget elementor-widget-shortcode\" data-id=\"240cd75\" data-element_type=\"widget\" data-e-type=\"widget\" data-widget_type=\"shortcode.default\">\n<div class=\"elementor-widget-container\">\n<div class=\"elementor-shortcode\"><center><\/p>\n<div style=\"width:488px; height:220px;\"><img decoding=\"async\" src=\"https:\/\/defensorasdelterritorio.com\/wp-content\/uploads\/2022\/04\/DEfENSORAS-cabezote-Ingles.png\"><\/div>\n<div style=\"width:488px; height: 78px;\">\n<a href=\"https:\/\/climatetracker.org\/\" target=\"_blank\"><img decoding=\"async\" src=\"https:\/\/defensorasdelterritorio.com\/wp-content\/uploads\/2022\/02\/logo-climat-1.png\" width=130><\/a><a href=\"https:\/\/fes-transformacion.fes.de\/\" target=\"_blank\"><img decoding=\"async\" src=\"https:\/\/defensorasdelterritorio.com\/wp-content\/uploads\/2022\/02\/logo-fes.png\" width=350><\/a>\n<\/div>\n<p><\/center><\/div>\n<\/p><\/div>\n<\/p><\/div>\n<\/p><\/div>\n<\/p><\/div>\n<\/p><\/div>\n<\/section><\/div>\n","protected":false},"excerpt":{"rendered":"<p>Author ofThe Women who Name the Silence of Cauca Social media@juanduermevela juan manuelfl\u00f3rez arias(colombia) I am a Colombian journalist and I live in Medell\u00edn. I currently work at La Silla Vac\u00eda, the media specialized in power in my country. Before, I was deputy editor of the newspaper El Tiempo. I was also a reporter for [&hellip;]<\/p>\n","protected":false},"author":2,"featured_media":10712,"parent":0,"menu_order":0,"comment_status":"closed","ping_status":"closed","template":"","meta":{"_acf_changed":false,"footnotes":""},"class_list":["post-10949","page","type-page","status-publish","has-post-thumbnail","hentry"],"acf":[],"_links":{"self":[{"href":"https:\/\/defensorasdelterritorio.com\/en\/wp-json\/wp\/v2\/pages\/10949","targetHints":{"allow":["GET"]}}],"collection":[{"href":"https:\/\/defensorasdelterritorio.com\/en\/wp-json\/wp\/v2\/pages"}],"about":[{"href":"https:\/\/defensorasdelterritorio.com\/en\/wp-json\/wp\/v2\/types\/page"}],"author":[{"embeddable":true,"href":"https:\/\/defensorasdelterritorio.com\/en\/wp-json\/wp\/v2\/users\/2"}],"replies":[{"embeddable":true,"href":"https:\/\/defensorasdelterritorio.com\/en\/wp-json\/wp\/v2\/comments?post=10949"}],"version-history":[{"count":9,"href":"https:\/\/defensorasdelterritorio.com\/en\/wp-json\/wp\/v2\/pages\/10949\/revisions"}],"predecessor-version":[{"id":11223,"href":"https:\/\/defensorasdelterritorio.com\/en\/wp-json\/wp\/v2\/pages\/10949\/revisions\/11223"}],"wp:featuredmedia":[{"embeddable":true,"href":"https:\/\/defensorasdelterritorio.com\/en\/wp-json\/wp\/v2\/media\/10712"}],"wp:attachment":[{"href":"https:\/\/defensorasdelterritorio.com\/en\/wp-json\/wp\/v2\/media?parent=10949"}],"curies":[{"name":"wp","href":"https:\/\/api.w.org\/{rel}","templated":true}]}}