{"id":10819,"date":"2021-12-04T21:21:12","date_gmt":"2021-12-04T21:21:12","guid":{"rendered":"https:\/\/defensorasdelterritorio.com\/escazu-agreement\/"},"modified":"2022-04-13T20:02:05","modified_gmt":"2022-04-13T20:02:05","slug":"escazu-agreement","status":"publish","type":"page","link":"https:\/\/defensorasdelterritorio.com\/en\/escazu-agreement\/","title":{"rendered":"Escazu Agreement"},"content":{"rendered":"\n<div data-elementor-type=\"wp-page\" data-elementor-id=\"10819\" class=\"elementor elementor-10819\">\n<section class=\"elementor-section elementor-top-section elementor-element elementor-element-cef9e6f elementor-section-boxed elementor-section-height-default elementor-section-height-default qodef-elementor-content-no\" data-id=\"cef9e6f\" data-element_type=\"section\" data-e-type=\"section\">\n<div class=\"elementor-container elementor-column-gap-default\">\n<div class=\"elementor-column elementor-col-100 elementor-top-column elementor-element elementor-element-3073b8a\" data-id=\"3073b8a\" data-element_type=\"column\" data-e-type=\"column\">\n<div class=\"elementor-widget-wrap elementor-element-populated\">\n<div class=\"elementor-element elementor-element-dbd2024 elementor-invisible elementor-widget elementor-widget-heading\" data-id=\"dbd2024\" data-element_type=\"widget\" data-e-type=\"widget\" data-settings=\"{&quot;_animation&quot;:&quot;fadeIn&quot;}\" data-widget_type=\"heading.default\">\n<div class=\"elementor-widget-container\">\n<h2 class=\"elementor-heading-title elementor-size-xxl\">Escazu Agreement<\/h2>\n<\/p><\/div>\n<\/p><\/div>\n<\/p><\/div>\n<\/p><\/div>\n<\/p><\/div>\n<\/section>\n<section class=\"elementor-section elementor-top-section elementor-element elementor-element-4aa7459 elementor-section-boxed elementor-section-height-default elementor-section-height-default qodef-elementor-content-no\" data-id=\"4aa7459\" data-element_type=\"section\" data-e-type=\"section\">\n<div class=\"elementor-container elementor-column-gap-default\">\n<div class=\"elementor-column elementor-col-100 elementor-top-column elementor-element elementor-element-60e9916\" data-id=\"60e9916\" data-element_type=\"column\" data-e-type=\"column\">\n<div class=\"elementor-widget-wrap elementor-element-populated\">\n<div class=\"elementor-element elementor-element-4cfb732 elementor-view-default elementor-invisible elementor-widget elementor-widget-icon\" data-id=\"4cfb732\" data-element_type=\"widget\" data-e-type=\"widget\" data-settings=\"{&quot;_animation&quot;:&quot;fadeInDown&quot;}\" data-widget_type=\"icon.default\">\n<div class=\"elementor-widget-container\">\n<div class=\"elementor-icon-wrapper\">\n<div class=\"elementor-icon\">\n\t\t\t<i aria-hidden=\"true\" class=\"fas fa-angle-down\"><\/i>\t\t\t<\/div>\n<\/p><\/div>\n<\/p><\/div>\n<\/p><\/div>\n<div class=\"elementor-element elementor-element-4a6406c elementor-invisible elementor-widget elementor-widget-text-editor\" data-id=\"4a6406c\" data-element_type=\"widget\" data-e-type=\"widget\" data-settings=\"{&quot;_animation&quot;:&quot;fadeInDown&quot;}\" data-widget_type=\"text-editor.default\">\n<div class=\"elementor-widget-container\">\n<p><span style=\"color: #006d55; font-size: 30px;\">On March 4, 2018, the Regional Agreement on Access to Information, Public Participation and Access to Justice in Environmental Matters in Latin America and the Caribbean, better known as the Escaz\u00fa Agreement, was signed in the municipality of Escaz\u00fa, San Jose Costa Rica.<\/span><\/p>\n<\/p><\/div>\n<\/p><\/div>\n<div class=\"elementor-element elementor-element-a8213c4 elementor-view-default elementor-invisible elementor-widget elementor-widget-icon\" data-id=\"a8213c4\" data-element_type=\"widget\" data-e-type=\"widget\" data-settings=\"{&quot;_animation&quot;:&quot;fadeInDown&quot;}\" data-widget_type=\"icon.default\">\n<div class=\"elementor-widget-container\">\n<div class=\"elementor-icon-wrapper\">\n<div class=\"elementor-icon\">\n\t\t\t<i aria-hidden=\"true\" class=\"fas fa-angle-down\"><\/i>\t\t\t<\/div>\n<\/p><\/div>\n<\/p><\/div>\n<\/p><\/div>\n<div class=\"elementor-element elementor-element-a136eea elementor-widget elementor-widget-text-editor\" data-id=\"a136eea\" data-element_type=\"widget\" data-e-type=\"widget\" data-widget_type=\"text-editor.default\">\n<div class=\"elementor-widget-container\">\n<p style=\"text-align: center;\"><span style=\"font-size: 20px;\">It is the first regional agreement in Latin America and the Caribbean that places the relationship between human rights and the environment at the center, mainly through three procedural rights:<\/span><\/p>\n<\/p><\/div>\n<\/p><\/div>\n<\/p><\/div>\n<\/p><\/div>\n<\/p><\/div>\n<\/section>\n<section class=\"elementor-section elementor-top-section elementor-element elementor-element-c8b66d0 elementor-section-boxed elementor-section-height-default elementor-section-height-default qodef-elementor-content-no\" data-id=\"c8b66d0\" data-element_type=\"section\" data-e-type=\"section\">\n<div class=\"elementor-container elementor-column-gap-default\">\n<div class=\"elementor-column elementor-col-33 elementor-top-column elementor-element elementor-element-217f172\" data-id=\"217f172\" data-element_type=\"column\" data-e-type=\"column\">\n<div class=\"elementor-widget-wrap elementor-element-populated\">\n<div class=\"elementor-element elementor-element-f3f653f elementor-invisible elementor-widget elementor-widget-gracey_core_numbered_text\" data-id=\"f3f653f\" data-element_type=\"widget\" data-e-type=\"widget\" data-settings=\"{&quot;_animation&quot;:&quot;fadeIn&quot;}\" data-widget_type=\"gracey_core_numbered_text.default\">\n<div class=\"elementor-widget-container\">\n<div class=\"qodef-shortcode qodef-m objetivo qodef-numbered-text qodef-alignment--center\">\n<div class=\"qodef-m-number-outline\">\n        1\t<\/div>\n<div class=\"qodef-m-number\">\n        1\t<\/div>\n<h5 class=\"qodef-m-title\" >\n        Access to environmental information\t<\/h5>\n<\/p><\/div>\n<\/p><\/div>\n<\/p><\/div>\n<\/p><\/div>\n<\/p><\/div>\n<div class=\"elementor-column elementor-col-33 elementor-top-column elementor-element elementor-element-9afe38e\" data-id=\"9afe38e\" data-element_type=\"column\" data-e-type=\"column\">\n<div class=\"elementor-widget-wrap elementor-element-populated\">\n<div class=\"elementor-element elementor-element-8afdf3d animated-slow elementor-invisible elementor-widget elementor-widget-gracey_core_numbered_text\" data-id=\"8afdf3d\" data-element_type=\"widget\" data-e-type=\"widget\" data-settings=\"{&quot;_animation&quot;:&quot;fadeIn&quot;,&quot;_animation_delay&quot;:500}\" data-widget_type=\"gracey_core_numbered_text.default\">\n<div class=\"elementor-widget-container\">\n<div class=\"qodef-shortcode qodef-m objetivo qodef-numbered-text qodef-alignment--center\">\n<div class=\"qodef-m-number-outline\">\n        2\t<\/div>\n<div class=\"qodef-m-number\">\n        2\t<\/div>\n<h5 class=\"qodef-m-title\" >\n        Access to citizen participation in environmental matters\t<\/h5>\n<\/p><\/div>\n<\/p><\/div>\n<\/p><\/div>\n<\/p><\/div>\n<\/p><\/div>\n<div class=\"elementor-column elementor-col-33 elementor-top-column elementor-element elementor-element-94189c5\" data-id=\"94189c5\" data-element_type=\"column\" data-e-type=\"column\">\n<div class=\"elementor-widget-wrap elementor-element-populated\">\n<div class=\"elementor-element elementor-element-3904bc8 animated-slow elementor-invisible elementor-widget elementor-widget-gracey_core_numbered_text\" data-id=\"3904bc8\" data-element_type=\"widget\" data-e-type=\"widget\" data-settings=\"{&quot;_animation&quot;:&quot;fadeIn&quot;,&quot;_animation_delay&quot;:1000}\" data-widget_type=\"gracey_core_numbered_text.default\">\n<div class=\"elementor-widget-container\">\n<div class=\"qodef-shortcode qodef-m Objetivo qodef-numbered-text qodef-alignment--center\">\n<div class=\"qodef-m-number-outline\">\n        3\t<\/div>\n<div class=\"qodef-m-number\">\n        3\t<\/div>\n<h5 class=\"qodef-m-title\" >\n        Access to Environmental Justice\t<\/h5>\n<\/p><\/div>\n<\/p><\/div>\n<\/p><\/div>\n<\/p><\/div>\n<\/p><\/div>\n<\/p><\/div>\n<\/section>\n<section class=\"elementor-section elementor-top-section elementor-element elementor-element-dceca57 elementor-section-boxed elementor-section-height-default elementor-section-height-default qodef-elementor-content-no\" data-id=\"dceca57\" data-element_type=\"section\" data-e-type=\"section\">\n<div class=\"elementor-container elementor-column-gap-default\">\n<div class=\"elementor-column elementor-col-100 elementor-top-column elementor-element elementor-element-be3b10d\" data-id=\"be3b10d\" data-element_type=\"column\" data-e-type=\"column\">\n<div class=\"elementor-widget-wrap elementor-element-populated\">\n<div class=\"elementor-element elementor-element-086398c elementor-view-default elementor-invisible elementor-widget elementor-widget-icon\" data-id=\"086398c\" data-element_type=\"widget\" data-e-type=\"widget\" data-settings=\"{&quot;_animation&quot;:&quot;fadeInDown&quot;}\" data-widget_type=\"icon.default\">\n<div class=\"elementor-widget-container\">\n<div class=\"elementor-icon-wrapper\">\n<div class=\"elementor-icon\">\n\t\t\t<i aria-hidden=\"true\" class=\"fas fa-angle-down\"><\/i>\t\t\t<\/div>\n<\/p><\/div>\n<\/p><\/div>\n<\/p><\/div>\n<div class=\"elementor-element elementor-element-fa41193 animated-slow elementor-invisible elementor-widget elementor-widget-text-editor\" data-id=\"fa41193\" data-element_type=\"widget\" data-e-type=\"widget\" data-settings=\"{&quot;_animation&quot;:&quot;slideInDown&quot;,&quot;_animation_delay&quot;:120}\" data-widget_type=\"text-editor.default\">\n<div class=\"elementor-widget-container\">\n<p><span style=\"color: #006d55;\"><em style=\"font-size: 20px; font-weight: bold;\">Its antecedent is Principle 10 of the Declaration on Environment and Development of 1992 and at the same time it has another international reference which is the Aarhus Convention adopted by the European Union.<\/em><\/span><\/p>\n<\/p><\/div>\n<\/p><\/div>\n<\/p><\/div>\n<\/p><\/div>\n<\/p><\/div>\n<\/section>\n<section class=\"elementor-section elementor-top-section elementor-element elementor-element-3f0b6fd elementor-section-boxed elementor-section-height-default elementor-section-height-default qodef-elementor-content-no\" data-id=\"3f0b6fd\" data-element_type=\"section\" data-e-type=\"section\">\n<div class=\"elementor-container elementor-column-gap-default\">\n<div class=\"elementor-column elementor-col-100 elementor-top-column elementor-element elementor-element-54a5c69\" data-id=\"54a5c69\" data-element_type=\"column\" data-e-type=\"column\">\n<div class=\"elementor-widget-wrap elementor-element-populated\">\n<div class=\"elementor-element elementor-element-ffd0c52 elementor-view-default elementor-invisible elementor-widget elementor-widget-icon\" data-id=\"ffd0c52\" data-element_type=\"widget\" data-e-type=\"widget\" data-settings=\"{&quot;_animation&quot;:&quot;fadeInDown&quot;}\" data-widget_type=\"icon.default\">\n<div class=\"elementor-widget-container\">\n<div class=\"elementor-icon-wrapper\">\n<div class=\"elementor-icon\">\n\t\t\t<i aria-hidden=\"true\" class=\"fas fa-angle-down\"><\/i>\t\t\t<\/div>\n<\/p><\/div>\n<\/p><\/div>\n<\/p><\/div>\n<div class=\"elementor-element elementor-element-dd040e0 elementor-widget elementor-widget-text-editor\" data-id=\"dd040e0\" data-element_type=\"widget\" data-e-type=\"widget\" data-widget_type=\"text-editor.default\">\n<div class=\"elementor-widget-container\">\n<p>In addition, and as a unique precedent in international agreements, it recognizes the role and situation of vulnerability of defenders of land and territory considering their protection by guaranteeing a safe and favorable environment for people, groups and organizations that promote and defend human rights in environmental matters. This point is crucial when we talk about Latin America being the most dangerous region for the defense of the environment.<\/p>\n<p>The Agreement was signed by 24 countries in the region, however to date only 12 of them have ratified it: <strong>Antigua and Barbuda, Argentina, Bolivia, Ecuador, Guyana, M\u00e9xico, Nicaragua, Panam\u00e1, San Vicente y Granadinas, Saint Kitts y Nevis, Santa Luc\u00eda y Uruguay.<\/strong><\/p>\n<p>Thanks to the fact that the minimum number of ratifications was reached, the agreement entered into force on April 22, 2021, coinciding with the &#8220;International Day of Mother Earth&#8221;.<\/p>\n<p>Escaz\u00fa is a fundamental binding international agreement for the protection and defense of the environment, and for the right of access to a healthy environment, and which is a necessary tool for all those environmental activists and defenders.<\/p>\n<p>In the following links you can learn more about the Agreement:<\/p>\n<p style=\"padding-left: 40px;\"><strong>&gt;<\/strong> <a href=\"https:\/\/www.cepal.org\/es\/acuerdodeescazu\">https:\/\/www.cepal.org\/es\/acuerdodeescazu<\/a><br \/><strong>&gt;<\/strong> <a href=\"http:\/\/library.fes.de\/pdf-files\/bueros\/mexiko\/17834.pdf\">http:\/\/library.fes.de\/pdf-files\/bueros\/mexiko\/17834.pdf<\/a><br \/><strong>&gt;<\/strong> <a href=\"https:\/\/fes-transformacion.fes.de\/material-multimedia\/podcasts\">https:\/\/fes-transformacion.fes.de\/material-multimedia\/podcasts<\/a><\/p>\n<p><span style=\"background-color: #ffffff; color: var( --e-global-color-text );\">To learn more about the work carried out by the Social-Ecological Transformation project of the Friedrich-Ebert Foundation, you can consult our website:<\/span><strong><a href=\"https:\/\/fes-transformacion.fes.de\/\">\u00a0website: https:\/\/fes-transformacion.fes.de\/<\/a><\/strong><\/p>\n<p>\u00a0<\/p>\n<p style=\"text-align: center;\"><span style=\"color: #339966;\">For more information visit the page <strong><a style=\"color: #339966;\" href=\"https:\/\/fes-transformacion.fes.de\/areas-de-trabajo\/escazu\">Escaz\u00fa\u00a0 Regional project<\/a><\/strong><\/span><\/p>\n<\/p><\/div>\n<\/p><\/div>\n<\/p><\/div>\n<\/p><\/div>\n<\/p><\/div>\n<\/section>\n<section class=\"elementor-section elementor-top-section elementor-element elementor-element-2cd9b6f elementor-section-boxed elementor-section-height-default elementor-section-height-default qodef-elementor-content-no\" data-id=\"2cd9b6f\" data-element_type=\"section\" data-e-type=\"section\">\n<div class=\"elementor-container elementor-column-gap-default\">\n<div class=\"elementor-column elementor-col-100 elementor-top-column elementor-element elementor-element-3e699da\" data-id=\"3e699da\" data-element_type=\"column\" data-e-type=\"column\">\n<div class=\"elementor-widget-wrap elementor-element-populated\">\n<div class=\"elementor-element elementor-element-d2e0a30 animated-slow elementor-widget-divider--view-line elementor-invisible elementor-widget elementor-widget-divider\" data-id=\"d2e0a30\" data-element_type=\"widget\" data-e-type=\"widget\" data-settings=\"{&quot;_animation&quot;:&quot;bounceIn&quot;}\" data-widget_type=\"divider.default\">\n<div class=\"elementor-widget-container\">\n<div class=\"elementor-divider\">\n\t\t\t<span class=\"elementor-divider-separator\"><br \/>\n\t\t\t\t\t\t<\/span>\n\t\t<\/div>\n<\/p><\/div>\n<\/p><\/div>\n<div class=\"elementor-element elementor-element-4380ce5 elementor-widget elementor-widget-shortcode\" data-id=\"4380ce5\" data-element_type=\"widget\" data-e-type=\"widget\" data-widget_type=\"shortcode.default\">\n<div class=\"elementor-widget-container\">\n<div class=\"elementor-shortcode\"><center><\/p>\n<div style=\"width:488px; height:220px;\"><img decoding=\"async\" src=\"https:\/\/defensorasdelterritorio.com\/wp-content\/uploads\/2022\/04\/DEfENSORAS-cabezote-Ingles.png\"><\/div>\n<div style=\"width:488px; height: 78px;\">\n<a href=\"https:\/\/climatetracker.org\/\" target=\"_blank\"><img decoding=\"async\" src=\"https:\/\/defensorasdelterritorio.com\/wp-content\/uploads\/2022\/02\/logo-climat-1.png\" width=130><\/a><a href=\"https:\/\/fes-transformacion.fes.de\/\" target=\"_blank\"><img decoding=\"async\" src=\"https:\/\/defensorasdelterritorio.com\/wp-content\/uploads\/2022\/02\/logo-fes.png\" width=350><\/a>\n<\/div>\n<p><\/center><\/div>\n<\/p><\/div>\n<\/p><\/div>\n<\/p><\/div>\n<\/p><\/div>\n<\/p><\/div>\n<\/section><\/div>\n","protected":false},"excerpt":{"rendered":"<p>Escazu Agreement On March 4, 2018, the Regional Agreement on Access to Information, Public Participation and Access to Justice in Environmental Matters in Latin America and the Caribbean, better known as the Escaz\u00fa Agreement, was signed in the municipality of Escaz\u00fa, San Jose Costa Rica. It is the first regional agreement in Latin America and [&hellip;]<\/p>\n","protected":false},"author":2,"featured_media":0,"parent":0,"menu_order":0,"comment_status":"closed","ping_status":"closed","template":"","meta":{"_acf_changed":false,"footnotes":""},"class_list":["post-10819","page","type-page","status-publish","hentry"],"acf":[],"_links":{"self":[{"href":"https:\/\/defensorasdelterritorio.com\/en\/wp-json\/wp\/v2\/pages\/10819","targetHints":{"allow":["GET"]}}],"collection":[{"href":"https:\/\/defensorasdelterritorio.com\/en\/wp-json\/wp\/v2\/pages"}],"about":[{"href":"https:\/\/defensorasdelterritorio.com\/en\/wp-json\/wp\/v2\/types\/page"}],"author":[{"embeddable":true,"href":"https:\/\/defensorasdelterritorio.com\/en\/wp-json\/wp\/v2\/users\/2"}],"replies":[{"embeddable":true,"href":"https:\/\/defensorasdelterritorio.com\/en\/wp-json\/wp\/v2\/comments?post=10819"}],"version-history":[{"count":13,"href":"https:\/\/defensorasdelterritorio.com\/en\/wp-json\/wp\/v2\/pages\/10819\/revisions"}],"predecessor-version":[{"id":11332,"href":"https:\/\/defensorasdelterritorio.com\/en\/wp-json\/wp\/v2\/pages\/10819\/revisions\/11332"}],"wp:attachment":[{"href":"https:\/\/defensorasdelterritorio.com\/en\/wp-json\/wp\/v2\/media?parent=10819"}],"curies":[{"name":"wp","href":"https:\/\/api.w.org\/{rel}","templated":true}]}}